{"id":1007,"date":"2022-09-16T00:39:16","date_gmt":"2022-09-16T00:39:16","guid":{"rendered":"https:\/\/alarmax.es\/?page_id=1007"},"modified":"2022-09-16T16:29:30","modified_gmt":"2022-09-16T16:29:30","slug":"politica-de-privacidad-alarmax","status":"publish","type":"page","link":"https:\/\/alarmax.es\/?page_id=1007","title":{"rendered":"Pol\u00edtica de privacidad Alarmax S.L"},"content":{"rendered":"\n<h2 class=\"wp-block-heading\">Qui\u00e9nes somos<\/h2>\n\n\n\n<p>La direcci\u00f3n de nuestra web es: https:\/\/alarmax.es.<\/p>\n\n\n\n<h2 class=\"wp-block-heading\">\u00bfQui\u00e9n es el Responsable del tratamiento de sus datos?<\/h2>\n\n\n\n<p><strong>Identidad:<\/strong>&nbsp;ALARMAX, S.L..<\/p>\n\n\n\n<p><strong>Dir. Postal:<\/strong>&nbsp;c\/ Cami Ral, 116. Poligono Industrial Palou Nord, 08401 Granollers (Barcelona)<\/p>\n\n\n\n<p><strong>Tel\u00e9fono:<\/strong>&nbsp;93 879 31 15<\/p>\n\n\n\n<p><strong>E-Mail:<\/strong>&nbsp;rgpd@ecasici.com<\/p>\n\n\n\n<h2 class=\"wp-block-heading\">Cookies<\/h2>\n\n\n\n<p>Si dejas un comentario o rellenas alg\u00fan formulario en nuestro sitio puedes elegir guardar tu nombre, direcci\u00f3n de correo electr\u00f3nico y web en cookies. Esto es para tu comodidad, para que no tengas que volver a rellenar tus datos cuando dejes otro comentario. Estas cookies tendr\u00e1n una duraci\u00f3n de un a\u00f1o.<\/p>\n\n\n\n<p>Si tienes una cuenta y te conectas a este sitio, instalaremos una cookie temporal para determinar si tu navegador acepta cookies. Esta cookie no contiene datos personales y se elimina al cerrar el navegador.<\/p>\n\n\n\n<p>Cuando accedas, tambi\u00e9n instalaremos varias cookies para guardar tu informaci\u00f3n de acceso y tus opciones de visualizaci\u00f3n de pantalla. Las cookies de acceso duran dos d\u00edas, y las cookies de opciones de pantalla duran un a\u00f1o. Si seleccionas \u00abRecu\u00e9rdarme\u00bb, tu acceso perdurar\u00e1 durante dos semanas. Si sales de tu cuenta, las cookies de acceso se eliminar\u00e1n.<\/p>\n\n\n\n<p>Si editas o publicas un art\u00edculo se guardar\u00e1 una cookie adicional en tu navegador. Esta cookie no incluye datos personales y simplemente indica el ID del art\u00edculo que acabas de editar. Caduca despu\u00e9s de 1 d\u00eda.<\/p>\n\n\n\n<h2 class=\"wp-block-heading\">Contenido incrustado de otros sitios web<\/h2>\n\n\n\n<p>Los art\u00edculos de este sitio pueden incluir contenido incrustado (por ejemplo, v\u00eddeos, im\u00e1genes, art\u00edculos, etc.). El contenido incrustado de otras webs se comporta exactamente de la misma manera que si el visitante hubiera visitado la otra web.<\/p>\n\n\n\n<p>Estas web pueden recopilar datos sobre ti, utilizar cookies, incrustar un seguimiento adicional de terceros, y supervisar tu interacci\u00f3n con ese contenido incrustado, incluido el seguimiento de tu interacci\u00f3n con el contenido incrustado si tienes una cuenta y est\u00e1s conectado a esa web.<\/p>\n\n\n\n<h2 class=\"wp-block-heading\">\u00bfCon qu\u00e9 finalidad tratamos sus datos personales?<\/h2>\n\n\n\n<p>En&nbsp;<strong>ALARMAX, S.L.<\/strong>&nbsp;tratamos sus datos con la finalidad principal de mantener nuestra agenda de contactos:<\/p>\n\n\n\n<ul class=\"wp-block-list\"><li>Como persona de contacto para mantener relaciones con la entidad jur\u00eddica u organizaci\u00f3n en la que usted presta sus servicios.<\/li><li>Como interesado que se ha puesto en contacto con nosotros consult\u00e1ndonos o solicit\u00e1ndonos alguna informaci\u00f3n, para poder atenderle.<\/li><\/ul>\n\n\n\n<p>Como finalidad adicional, en caso de que se le hubiera solicitado autorizaci\u00f3n y nos la hubiera concedido, trataremos sus datos para el env\u00edo de comunicaciones comerciales.<\/p>\n\n\n\n<h2 class=\"wp-block-heading\">\u00bfPor cu\u00e1nto tiempo conservaremos sus datos?<\/h2>\n\n\n\n<p>Los datos personales proporcionados se conservar\u00e1n en la finalidad principal:<\/p>\n\n\n\n<ul class=\"wp-block-list\"><li>En caso de tratarse de una persona de contacto para mantener relaciones con la entidad jur\u00eddica u organizaci\u00f3n en la que usted presta sus servicios, se conservar\u00e1n mientras se mantenga nuestra relaci\u00f3n con dicha entidad jur\u00eddica u organizaci\u00f3n, y a salvo los plazos legales por las responsabilidades legales que pudieran derivarse de la relaci\u00f3n con la entidad jur\u00eddica u organizaci\u00f3n.<\/li><li>En caso de interesado puesto en contacto con nosotros, hasta 6 meses despu\u00e9s de atender su requerimiento, por si se produjeran por su parte comunicaciones posteriores en referencia a dicha consulta o requerimiento de informaci\u00f3n.<\/li><\/ul>\n\n\n\n<p>En la finalidad adicional de env\u00edo de comunicaciones comerciales, conservaremos sus datos en tanto no nos manifieste su oposici\u00f3n a continuar recibiendo nuestras comunicaciones.<\/p>\n\n\n\n<h2 class=\"wp-block-heading\">Decisiones automatizadas, perfiles y l\u00f3gica aplicada:<\/h2>\n\n\n\n<p>La empresa&nbsp;<strong>NO<\/strong>&nbsp;tomar\u00e1 decisiones automatizadas.<\/p>\n\n\n\n<h2 class=\"wp-block-heading\">\u00bfCu\u00e1l es la legitimaci\u00f3n para el tratamiento de sus datos?<\/h2>\n\n\n\n<p>La base legal para el tratamiento de sus datos en la finalidad principal de mantenimiento de agenda de contactos es:<\/p>\n\n\n\n<ul class=\"wp-block-list\"><li>En caso de tratarse de una persona de contacto para mantener relaciones con la entidad jur\u00eddica u organizaci\u00f3n en la que usted presta sus servicios, es la satisfacci\u00f3n del inter\u00e9s leg\u00edtimo del responsable, de acuerdo a lo establecido en el art. 6.1.f del RGPD.<\/li><li>b) En caso de interesado puesto en contacto con nosotros, la base legal es la obtenci\u00f3n de su consentimiento.<\/li><\/ul>\n\n\n\n<p>En la finalidad adicional de env\u00edo de comunicaciones comerciales, la base legal para el tratamiento de sus datos es la obtenci\u00f3n de su consentimiento.<\/p>\n\n\n\n<h2 class=\"wp-block-heading\">\u00bfA qu\u00e9 destinatarios se comunicar\u00e1n sus datos?<\/h2>\n\n\n\n<p>Durante el periodo de duraci\u00f3n del tratamiento no comunicaremos sus datos a terceros<\/p>\n\n\n\n<p>En&nbsp;<strong>ALARMAX, S.L.<\/strong>&nbsp;contaremos con la colaboraci\u00f3n de terceros prestadores de servicios que en cada caso hayamos podido contratar y que, para la prestaci\u00f3n de dicho servicio, puede ser necesario que tengan acceso a sus datos de car\u00e1cter personal, pero que los tratar\u00e1n con todas las garant\u00edas legales exigibles, siguiendo nuestras instrucciones y previa suscripci\u00f3n de un contrato de protecci\u00f3n de datos en las que exigimos, entre otras, tratar los datos exclusivamente para las finalidades pactadas, aplicar medidas t\u00e9cnicas y organizativas adecuadas, as\u00ed como suprimir y devolver los datos a la finalizaci\u00f3n del servicio.<\/p>\n\n\n\n<p><strong>En ALARMAX, S.L.<\/strong>&nbsp;seguimos unos criterios estrictos de selecci\u00f3n de terceros prestadores de servicios con el fin de dar cumplimiento a nuestras obligaciones e materia de protecci\u00f3n de datos.<\/p>\n\n\n\n<h2 class=\"wp-block-heading\">\u00bfCu\u00e1les son sus derechos cuando nos facilita sus datos?<\/h2>\n\n\n\n<p>Cualquier persona tiene derecho a obtener confirmaci\u00f3n sobre si JDA ASSESSORS CONSULTORS PROFESSIONALS, S.L.P. estamos tratando datos personales que le conciernan o no.<\/p>\n\n\n\n<p>Asimismo, tiene:<\/p>\n\n\n\n<ul class=\"wp-block-list\"><li>Derecho a solicitar el acceso a sus datos personales.<\/li><li>Derecho a solicitar su rectificaci\u00f3n.<\/li><li>Derecho a solicitar su supresi\u00f3n.<\/li><li>Derecho a solicitar la limitaci\u00f3n de su tratamiento.<\/li><li>Derecho a oponerse al tratamiento.<\/li><li>Derecho a la portabilidad de los datos.<\/li><li>Derecho a retirar el consentimiento prestado.<\/li><li>Derecho de informaci\u00f3n.<\/li><li>Derecho a oponerse a ser objeto de decisiones individuales automatizadas.<\/li><\/ul>\n\n\n\n<p>Para ejercer sus derechos, dirija un escrito adjuntando copia de su DNI a:<\/p>\n\n\n\n<p>ALARMAX, S.L.<\/p>\n\n\n\n<p>Ejercicio derechos protecci\u00f3n de datos<\/p>\n\n\n\n<p>c\/ Cami Ral, 116. Poligono Industrial Palou Nord<\/p>\n\n\n\n<p>08401 Granollers (Barcelona)<\/p>\n\n\n\n<p>o bien remita un email a:&nbsp;<strong>rgpd@alarmax.com<\/strong><\/p>\n\n\n\n<p>Asimismo, le informamos que puede dirigirse a la Agencia Espa\u00f1ola de Protecci\u00f3n de Datos (www.aepd.es) para obtener informaci\u00f3n adicional o para presentar una reclamaci\u00f3n, por ejemplo, si no has obtenido satisfacci\u00f3n en el ejercicio de tus derechos.<\/p>\n","protected":false},"excerpt":{"rendered":"<p>Qui\u00e9nes somos La direcci\u00f3n de nuestra web es: https:\/\/alarmax.es. \u00bfQui\u00e9n es el Responsable del tratamiento de sus datos? Identidad:&nbsp;ALARMAX, S.L.. Dir. Postal:&nbsp;c\/ Cami Ral, 116. Poligono Industrial Palou Nord, 08401 Granollers (Barcelona) Tel\u00e9fono:&nbsp;93 879 31 15 E-Mail:&nbsp;rgpd@ecasici.com Cookies Si dejas un comentario o rellenas alg\u00fan formulario en nuestro sitio puedes elegir guardar tu nombre, direcci\u00f3n [&hellip;]<\/p>\n","protected":false},"author":1,"featured_media":0,"parent":0,"menu_order":0,"comment_status":"closed","ping_status":"closed","template":"","meta":{"footnotes":""},"class_list":["post-1007","page","type-page","status-publish","hentry"],"_links":{"self":[{"href":"https:\/\/alarmax.es\/index.php?rest_route=\/wp\/v2\/pages\/1007","targetHints":{"allow":["GET"]}}],"collection":[{"href":"https:\/\/alarmax.es\/index.php?rest_route=\/wp\/v2\/pages"}],"about":[{"href":"https:\/\/alarmax.es\/index.php?rest_route=\/wp\/v2\/types\/page"}],"author":[{"embeddable":true,"href":"https:\/\/alarmax.es\/index.php?rest_route=\/wp\/v2\/users\/1"}],"replies":[{"embeddable":true,"href":"https:\/\/alarmax.es\/index.php?rest_route=%2Fwp%2Fv2%2Fcomments&post=1007"}],"version-history":[{"count":3,"href":"https:\/\/alarmax.es\/index.php?rest_route=\/wp\/v2\/pages\/1007\/revisions"}],"predecessor-version":[{"id":1031,"href":"https:\/\/alarmax.es\/index.php?rest_route=\/wp\/v2\/pages\/1007\/revisions\/1031"}],"wp:attachment":[{"href":"https:\/\/alarmax.es\/index.php?rest_route=%2Fwp%2Fv2%2Fmedia&parent=1007"}],"curies":[{"name":"wp","href":"https:\/\/api.w.org\/{rel}","templated":true}]}}